{"id":188,"date":"2022-02-21T22:13:10","date_gmt":"2022-02-21T21:13:10","guid":{"rendered":"http:\/\/laura.1abc.pl\/?post_type=product&#038;p=188"},"modified":"2023-07-13T13:20:57","modified_gmt":"2023-07-13T11:20:57","slug":"koszula-biala-prawa","status":"publish","type":"product","link":"https:\/\/hallfapparel.com\/en\/p\/koszula-biala-prawa\/","title":{"rendered":"white slim fit shirt &#8211; right"},"content":{"rendered":"<p><\/p>\n<h6>details:<\/h6>\n<hr \/>\n<ul>\n<li>side: right<\/li>\n<li>buttons: front<\/li>\n<li>color: white<\/li>\n<li>style: slim fit<\/li>\n<li>button-down (back) collar<\/li>\n<li>double button cuff<\/li>\n<li>100% cotton<\/li>\n<\/ul>\n<h6>care:<\/h6>\n<hr \/>\n<p><img decoding=\"async\" class=\"alignnone size-full wp-image-486\" src=\"https:\/\/hallfapparel.com\/wp-content\/uploads\/2022\/03\/materialpielegancaj.png\" alt=\"\" width=\"279\" height=\"30\" \/><\/p>\n<hr \/>\n<h6>dimensions:<\/h6>\n<p><img fetchpriority=\"high\" decoding=\"async\" class=\"wp-image-513 alignleft\" src=\"https:\/\/hallfapparel.com\/wp-content\/uploads\/2022\/03\/KOSZULA-MEASUREMENTS-CHART.png\" alt=\"\" width=\"224\" height=\"237\" srcset=\"https:\/\/hallfapparel.com\/wp-content\/uploads\/2022\/03\/KOSZULA-MEASUREMENTS-CHART.png 657w, https:\/\/hallfapparel.com\/wp-content\/uploads\/2022\/03\/KOSZULA-MEASUREMENTS-CHART-283x300.png 283w, https:\/\/hallfapparel.com\/wp-content\/uploads\/2022\/03\/KOSZULA-MEASUREMENTS-CHART-300x318.png 300w, https:\/\/hallfapparel.com\/wp-content\/uploads\/2022\/03\/KOSZULA-MEASUREMENTS-CHART-600x637.png 600w\" sizes=\"(max-width: 224px) 100vw, 224px\" \/><\/p>\n<table class=\"table table-striped table-hover table-sm\">\n<thead>\n<tr>\n<th scope=\"col\">#<\/th>\n<th scope=\"col\">XS<\/th>\n<th scope=\"col\">S<\/th>\n<th scope=\"col\">M<\/th>\n<th scope=\"col\">L<\/th>\n<th scope=\"col\">xl<\/th>\n<th scope=\"col\">XXL<\/th>\n<th scope=\"col\">3XL<\/th>\n<\/tr>\n<\/thead>\n<tbody>\n<tr>\n<th scope=\"row\">A<\/th>\n<td data-label=\"XS\">65,5<\/td>\n<td data-label=\"S\">66,5<\/td>\n<td data-label=\"M\">67,5<\/td>\n<td data-label=\"L\">68,5<\/td>\n<td data-label=\"xl\">69,5<\/td>\n<td data-label=\"XXL\">70,5<\/td>\n<td data-label=\"3XL\">71,5<\/td>\n<\/tr>\n<tr>\n<th scope=\"row\">B<\/th>\n<td data-label=\"XS\">44,2<\/td>\n<td data-label=\"S\">45,5<\/td>\n<td data-label=\"M\">46,8<\/td>\n<td data-label=\"L\">48,1<\/td>\n<td data-label=\"xl\">49,4<\/td>\n<td data-label=\"XXL\">50,7<\/td>\n<td data-label=\"3XL\">52<\/td>\n<\/tr>\n<tr>\n<th scope=\"row\">C<\/th>\n<td data-label=\"XS\">48,5<\/td>\n<td data-label=\"S\">50,5<\/td>\n<td data-label=\"M\">52,4<\/td>\n<td data-label=\"L\">54,5<\/td>\n<td data-label=\"xl\">56,5<\/td>\n<td data-label=\"XXL\">58,5<\/td>\n<td data-label=\"3XL\">60,5<\/td>\n<\/tr>\n<tr>\n<th scope=\"row\">D<\/th>\n<td data-label=\"XS\">42<\/td>\n<td data-label=\"S\">44<\/td>\n<td data-label=\"M\">46<\/td>\n<td data-label=\"L\">48<\/td>\n<td data-label=\"xl\">50<\/td>\n<td data-label=\"XXL\">52<\/td>\n<td data-label=\"3XL\">54<\/td>\n<\/tr>\n<tr>\n<th scope=\"row\">E<\/th>\n<td data-label=\"XS\">72<\/td>\n<td data-label=\"S\">74<\/td>\n<td data-label=\"M\">76<\/td>\n<td data-label=\"L\">78<\/td>\n<td data-label=\"xl\">80<\/td>\n<td data-label=\"XXL\">82<\/td>\n<td data-label=\"3XL\">84<\/td>\n<\/tr>\n<tr>\n<th scope=\"row\">F<\/th>\n<td data-label=\"XS\">48<\/td>\n<td data-label=\"S\">50<\/td>\n<td data-label=\"M\">52<\/td>\n<td data-label=\"L\">54<\/td>\n<td data-label=\"xl\">56<\/td>\n<td data-label=\"XXL\">58<\/td>\n<td data-label=\"3XL\">60<\/td>\n<\/tr>\n<\/tbody>\n<\/table>\n<p>*dimensions in cm<\/p>","protected":false},"excerpt":{"rendered":"<p>original pattern, half of the shirt to match with the other part. stand out with a pure cotton slim fit shirt. formal or casual, your choice.<\/p>\n","protected":false},"featured_media":436,"template":"","meta":{"_acf_changed":false,"inline_featured_image":false},"product_brand":[],"product_cat":[31],"product_tag":[],"class_list":{"0":"post-188","1":"product","2":"type-product","3":"status-publish","4":"has-post-thumbnail","6":"product_cat-classic","8":"first","9":"instock","10":"shipping-taxable","11":"purchasable","12":"product-type-variable"},"acf":[],"yoast_head":"<!-- This site is optimized with the Yoast SEO plugin v25.2 - https:\/\/yoast.com\/wordpress\/plugins\/seo\/ -->\n<title>white slim fit shirt - right - Hallf Apparel<\/title>\n<meta name=\"robots\" content=\"index, follow, max-snippet:-1, max-image-preview:large, max-video-preview:-1\" \/>\n<link rel=\"canonical\" href=\"https:\/\/hallfapparel.com\/p\/koszula-biala-prawa\/\" \/>\n<meta property=\"og:locale\" content=\"en_US\" \/>\n<meta property=\"og:type\" content=\"article\" \/>\n<meta property=\"og:title\" content=\"[:pl]koszula bia\u0142a slim - prawa[:en]white slim fit shirt - right[:] - Hallf Apparel\" \/>\n<meta property=\"og:description\" content=\"[:pl]Autorski wz\u00f3r, po\u0142\u00f3wka koszuli do dopasowania z drug\u0105 cz\u0119\u015bci\u0105. Wyr\u00f3\u017cnij\u00a0si\u0119 z koszul\u0105 z czystej bawe\u0142ny w kroju slim fit. Formalna albo casualowa, Tw\u00f3j wyb\u00f3r.[:en]original pattern, half of the shirt to match with the other part. stand out with a pure cotton slim fit shirt. formal or casual, your choice.[:]\" \/>\n<meta property=\"og:url\" content=\"https:\/\/hallfapparel.com\/p\/koszula-biala-prawa\/\" \/>\n<meta property=\"og:site_name\" content=\"Hallf Apparel\" \/>\n<meta property=\"article:publisher\" content=\"https:\/\/www.facebook.com\/hallfapparel\" \/>\n<meta property=\"article:modified_time\" content=\"2023-07-13T11:20:57+00:00\" \/>\n<meta property=\"og:image\" content=\"https:\/\/hallfapparel.com\/wp-content\/uploads\/2022\/02\/1czylia-biala-prawa-produkt.jpg\" \/>\n\t<meta property=\"og:image:width\" content=\"1200\" \/>\n\t<meta property=\"og:image:height\" content=\"1800\" \/>\n\t<meta property=\"og:image:type\" content=\"image\/jpeg\" \/>\n<meta name=\"twitter:card\" content=\"summary_large_image\" \/>\n<meta name=\"twitter:label1\" content=\"Est. reading time\" \/>\n\t<meta name=\"twitter:data1\" content=\"1 minute\" \/>\n<script type=\"application\/ld+json\" class=\"yoast-schema-graph\">{\"@context\":\"https:\/\/schema.org\",\"@graph\":[{\"@type\":\"WebPage\",\"@id\":\"https:\/\/hallfapparel.com\/p\/koszula-biala-prawa\/\",\"url\":\"https:\/\/hallfapparel.com\/p\/koszula-biala-prawa\/\",\"name\":\"[:pl]koszula bia\u0142a slim - prawa[:en]white slim fit shirt - right[:] - Hallf Apparel\",\"isPartOf\":{\"@id\":\"https:\/\/hallfapparel.com\/#website\"},\"primaryImageOfPage\":{\"@id\":\"https:\/\/hallfapparel.com\/p\/koszula-biala-prawa\/#primaryimage\"},\"image\":{\"@id\":\"https:\/\/hallfapparel.com\/p\/koszula-biala-prawa\/#primaryimage\"},\"thumbnailUrl\":\"https:\/\/hallfapparel.com\/wp-content\/uploads\/2022\/02\/1czylia-biala-prawa-produkt.jpg\",\"datePublished\":\"2022-02-21T21:13:10+00:00\",\"dateModified\":\"2023-07-13T11:20:57+00:00\",\"breadcrumb\":{\"@id\":\"https:\/\/hallfapparel.com\/p\/koszula-biala-prawa\/#breadcrumb\"},\"inLanguage\":\"en-US\",\"potentialAction\":[{\"@type\":\"ReadAction\",\"target\":[\"https:\/\/hallfapparel.com\/p\/koszula-biala-prawa\/\"]}]},{\"@type\":\"ImageObject\",\"inLanguage\":\"en-US\",\"@id\":\"https:\/\/hallfapparel.com\/p\/koszula-biala-prawa\/#primaryimage\",\"url\":\"https:\/\/hallfapparel.com\/wp-content\/uploads\/2022\/02\/1czylia-biala-prawa-produkt.jpg\",\"contentUrl\":\"https:\/\/hallfapparel.com\/wp-content\/uploads\/2022\/02\/1czylia-biala-prawa-produkt.jpg\",\"width\":1200,\"height\":1800},{\"@type\":\"BreadcrumbList\",\"@id\":\"https:\/\/hallfapparel.com\/p\/koszula-biala-prawa\/#breadcrumb\",\"itemListElement\":[{\"@type\":\"ListItem\",\"position\":1,\"name\":\"Strona g\u0142\u00f3wna\",\"item\":\"https:\/\/hallfapparel.com\/\"},{\"@type\":\"ListItem\",\"position\":2,\"name\":\"koszula bia\u0142a slim &#8211; prawa\"}]},{\"@type\":\"WebSite\",\"@id\":\"https:\/\/hallfapparel.com\/#website\",\"url\":\"https:\/\/hallfapparel.com\/\",\"name\":\"Hallf Apparel\",\"description\":\"Own the difference\",\"publisher\":{\"@id\":\"https:\/\/hallfapparel.com\/#organization\"},\"potentialAction\":[{\"@type\":\"SearchAction\",\"target\":{\"@type\":\"EntryPoint\",\"urlTemplate\":\"https:\/\/hallfapparel.com\/?s={search_term_string}\"},\"query-input\":{\"@type\":\"PropertyValueSpecification\",\"valueRequired\":true,\"valueName\":\"search_term_string\"}}],\"inLanguage\":\"en-US\"},{\"@type\":\"Organization\",\"@id\":\"https:\/\/hallfapparel.com\/#organization\",\"name\":\"Hallf Apparel\",\"url\":\"https:\/\/hallfapparel.com\/\",\"logo\":{\"@type\":\"ImageObject\",\"inLanguage\":\"en-US\",\"@id\":\"https:\/\/hallfapparel.com\/#\/schema\/logo\/image\/\",\"url\":\"https:\/\/hallfapparel.com\/wp-content\/uploads\/2022\/02\/logopp.png\",\"contentUrl\":\"https:\/\/hallfapparel.com\/wp-content\/uploads\/2022\/02\/logopp.png\",\"width\":836,\"height\":524,\"caption\":\"Hallf Apparel\"},\"image\":{\"@id\":\"https:\/\/hallfapparel.com\/#\/schema\/logo\/image\/\"},\"sameAs\":[\"https:\/\/www.facebook.com\/hallfapparel\",\"https:\/\/www.instagram.com\/hallf_apparel\/\"]}]}<\/script>\n<!-- \/ Yoast SEO plugin. -->","yoast_head_json":{"title":"[:pl]koszula bia\u0142a slim - prawa[:en]white slim fit shirt - right[:] - Hallf Apparel","robots":{"index":"index","follow":"follow","max-snippet":"max-snippet:-1","max-image-preview":"max-image-preview:large","max-video-preview":"max-video-preview:-1"},"canonical":"https:\/\/hallfapparel.com\/p\/koszula-biala-prawa\/","og_locale":"en_US","og_type":"article","og_title":"[:pl]koszula bia\u0142a slim - prawa[:en]white slim fit shirt - right[:] - Hallf Apparel","og_description":"[:pl]Autorski wz\u00f3r, po\u0142\u00f3wka koszuli do dopasowania z drug\u0105 cz\u0119\u015bci\u0105. Wyr\u00f3\u017cnij\u00a0si\u0119 z koszul\u0105 z czystej bawe\u0142ny w kroju slim fit. Formalna albo casualowa, Tw\u00f3j wyb\u00f3r.[:en]original pattern, half of the shirt to match with the other part. stand out with a pure cotton slim fit shirt. formal or casual, your choice.[:]","og_url":"https:\/\/hallfapparel.com\/p\/koszula-biala-prawa\/","og_site_name":"Hallf Apparel","article_publisher":"https:\/\/www.facebook.com\/hallfapparel","article_modified_time":"2023-07-13T11:20:57+00:00","og_image":[{"width":1200,"height":1800,"url":"https:\/\/hallfapparel.com\/wp-content\/uploads\/2022\/02\/1czylia-biala-prawa-produkt.jpg","type":"image\/jpeg"}],"twitter_card":"summary_large_image","twitter_misc":{"Est. reading time":"1 minute"},"schema":{"@context":"https:\/\/schema.org","@graph":[{"@type":"WebPage","@id":"https:\/\/hallfapparel.com\/p\/koszula-biala-prawa\/","url":"https:\/\/hallfapparel.com\/p\/koszula-biala-prawa\/","name":"[:pl]koszula bia\u0142a slim - prawa[:en]white slim fit shirt - right[:] - Hallf Apparel","isPartOf":{"@id":"https:\/\/hallfapparel.com\/#website"},"primaryImageOfPage":{"@id":"https:\/\/hallfapparel.com\/p\/koszula-biala-prawa\/#primaryimage"},"image":{"@id":"https:\/\/hallfapparel.com\/p\/koszula-biala-prawa\/#primaryimage"},"thumbnailUrl":"https:\/\/hallfapparel.com\/wp-content\/uploads\/2022\/02\/1czylia-biala-prawa-produkt.jpg","datePublished":"2022-02-21T21:13:10+00:00","dateModified":"2023-07-13T11:20:57+00:00","breadcrumb":{"@id":"https:\/\/hallfapparel.com\/p\/koszula-biala-prawa\/#breadcrumb"},"inLanguage":"en-US","potentialAction":[{"@type":"ReadAction","target":["https:\/\/hallfapparel.com\/p\/koszula-biala-prawa\/"]}]},{"@type":"ImageObject","inLanguage":"en-US","@id":"https:\/\/hallfapparel.com\/p\/koszula-biala-prawa\/#primaryimage","url":"https:\/\/hallfapparel.com\/wp-content\/uploads\/2022\/02\/1czylia-biala-prawa-produkt.jpg","contentUrl":"https:\/\/hallfapparel.com\/wp-content\/uploads\/2022\/02\/1czylia-biala-prawa-produkt.jpg","width":1200,"height":1800},{"@type":"BreadcrumbList","@id":"https:\/\/hallfapparel.com\/p\/koszula-biala-prawa\/#breadcrumb","itemListElement":[{"@type":"ListItem","position":1,"name":"Strona g\u0142\u00f3wna","item":"https:\/\/hallfapparel.com\/"},{"@type":"ListItem","position":2,"name":"koszula bia\u0142a slim &#8211; prawa"}]},{"@type":"WebSite","@id":"https:\/\/hallfapparel.com\/#website","url":"https:\/\/hallfapparel.com\/","name":"Hallf Apparel","description":"Own the difference","publisher":{"@id":"https:\/\/hallfapparel.com\/#organization"},"potentialAction":[{"@type":"SearchAction","target":{"@type":"EntryPoint","urlTemplate":"https:\/\/hallfapparel.com\/?s={search_term_string}"},"query-input":{"@type":"PropertyValueSpecification","valueRequired":true,"valueName":"search_term_string"}}],"inLanguage":"en-US"},{"@type":"Organization","@id":"https:\/\/hallfapparel.com\/#organization","name":"Hallf Apparel","url":"https:\/\/hallfapparel.com\/","logo":{"@type":"ImageObject","inLanguage":"en-US","@id":"https:\/\/hallfapparel.com\/#\/schema\/logo\/image\/","url":"https:\/\/hallfapparel.com\/wp-content\/uploads\/2022\/02\/logopp.png","contentUrl":"https:\/\/hallfapparel.com\/wp-content\/uploads\/2022\/02\/logopp.png","width":836,"height":524,"caption":"Hallf Apparel"},"image":{"@id":"https:\/\/hallfapparel.com\/#\/schema\/logo\/image\/"},"sameAs":["https:\/\/www.facebook.com\/hallfapparel","https:\/\/www.instagram.com\/hallf_apparel\/"]}]}},"_links":{"self":[{"href":"https:\/\/hallfapparel.com\/en\/wp-json\/wp\/v2\/product\/188","targetHints":{"allow":["GET"]}}],"collection":[{"href":"https:\/\/hallfapparel.com\/en\/wp-json\/wp\/v2\/product"}],"about":[{"href":"https:\/\/hallfapparel.com\/en\/wp-json\/wp\/v2\/types\/product"}],"wp:featuredmedia":[{"embeddable":true,"href":"https:\/\/hallfapparel.com\/en\/wp-json\/wp\/v2\/media\/436"}],"wp:attachment":[{"href":"https:\/\/hallfapparel.com\/en\/wp-json\/wp\/v2\/media?parent=188"}],"wp:term":[{"taxonomy":"product_brand","embeddable":true,"href":"https:\/\/hallfapparel.com\/en\/wp-json\/wp\/v2\/product_brand?post=188"},{"taxonomy":"product_cat","embeddable":true,"href":"https:\/\/hallfapparel.com\/en\/wp-json\/wp\/v2\/product_cat?post=188"},{"taxonomy":"product_tag","embeddable":true,"href":"https:\/\/hallfapparel.com\/en\/wp-json\/wp\/v2\/product_tag?post=188"}],"curies":[{"name":"wp","href":"https:\/\/api.w.org\/{rel}","templated":true}]}}