{"id":749,"date":"2022-10-07T10:37:52","date_gmt":"2022-10-07T08:37:52","guid":{"rendered":"https:\/\/hallfapparel.com\/?post_type=product&#038;p=749"},"modified":"2023-10-20T21:55:40","modified_gmt":"2023-10-20T19:55:40","slug":"koszula-czarna-lewa-street","status":"publish","type":"product","link":"https:\/\/hallfapparel.com\/en\/p\/koszula-czarna-lewa-street\/","title":{"rendered":"oversize shirt black- left"},"content":{"rendered":"<p><\/p>\n<h6 style=\"padding-left: 40px;\">description<\/h6>\n<hr \/>\n<ul>\n<li>side: left<\/li>\n<li>buttons: back<\/li>\n<li>color: black<\/li>\n<li>style: oversize<\/li>\n<li>button-down collar (back)<\/li>\n<li>cuff with 2 buttons<\/li>\n<li>pure cotton<\/li>\n<li>Made in Poland<\/li>\n<\/ul>\n<p>&nbsp;<\/p>\n<h6 style=\"padding-left: 40px;\"><strong>fabric and care<\/strong><\/h6>\n<hr \/>\n<p>flannel cotton 100%<\/p>\n<p>machine cold wash, hang to dry<\/p>\n<p>&nbsp;<\/p>\n<h6 style=\"padding-left: 40px;\"><strong>dimensions<\/strong><\/h6>\n<hr \/>\n<table class=\"table table-striped table-hover table-sm\" style=\"height: 65px;\" width=\"446\">\n<thead>\n<tr>\n<th scope=\"col\">#<\/th>\n<th scope=\"col\">S<\/th>\n<th scope=\"col\">M<\/th>\n<th scope=\"col\">L<\/th>\n<\/tr>\n<\/thead>\n<tbody>\n<tr>\n<th scope=\"row\">Length<\/th>\n<td data-label=\"S\">73cm (29in)<\/td>\n<td data-label=\"M\">76cm (30in)<\/td>\n<td data-label=\"L\">79cm (31in)<\/td>\n<\/tr>\n<tr>\n<th scope=\"row\">Sleeve length<\/th>\n<td data-label=\"S\">58,5cm (23in)<\/td>\n<td data-label=\"M\">60cm (23,5in)<\/td>\n<td data-label=\"L\">61,5cm (24in)<\/td>\n<\/tr>\n<tr>\n<th scope=\"row\">Chest size<\/th>\n<td data-label=\"S\">132cm (52in)<\/td>\n<td data-label=\"M\">138cm (54in)<\/td>\n<td data-label=\"L\">144cm (56in)<\/td>\n<\/tr>\n<\/tbody>\n<\/table>\n<p><\/p>","protected":false},"excerpt":{"rendered":"<p>original pattern, half of the shirt to be matched with another half. pure cotton oversized shirt. To wear on a hoodie, instead of it or as a blanket, your choice.<\/p>\n","protected":false},"featured_media":753,"template":"","meta":{"_acf_changed":false,"inline_featured_image":false},"product_brand":[],"product_cat":[20],"product_tag":[],"class_list":{"0":"post-749","1":"product","2":"type-product","3":"status-publish","4":"has-post-thumbnail","6":"product_cat-streetwear","8":"first","9":"outofstock","10":"shipping-taxable","11":"purchasable","12":"product-type-variable"},"acf":[],"yoast_head":"<!-- This site is optimized with the Yoast SEO plugin v25.2 - https:\/\/yoast.com\/wordpress\/plugins\/seo\/ -->\n<title>oversize shirt black- left - Hallf Apparel<\/title>\n<meta name=\"robots\" content=\"index, follow, max-snippet:-1, max-image-preview:large, max-video-preview:-1\" \/>\n<link rel=\"canonical\" href=\"https:\/\/hallfapparel.com\/p\/koszula-czarna-lewa-street\/\" \/>\n<meta property=\"og:locale\" content=\"en_US\" \/>\n<meta property=\"og:type\" content=\"article\" \/>\n<meta property=\"og:title\" content=\"[:pl]koszula czarna oversize - lewa[:en]oversize shirt black- left[:] - Hallf Apparel\" \/>\n<meta property=\"og:description\" content=\"[:pl]Autorski wz\u00f3r, po\u0142\u00f3wka koszuli do dopasowania z drug\u0105 cz\u0119\u015bci\u0105. Koszula z czystej bawe\u0142ny w kroju oversize. Na bluz\u0119, zamiast bluzy albo zamiast koca, Tw\u00f3j wyb\u00f3r.[:en]original pattern, half of the shirt to be matched with another half. pure cotton oversized shirt. To wear on a hoodie, instead of it or as a blanket, your choice.[:]\" \/>\n<meta property=\"og:url\" content=\"https:\/\/hallfapparel.com\/p\/koszula-czarna-lewa-street\/\" \/>\n<meta property=\"og:site_name\" content=\"Hallf Apparel\" \/>\n<meta property=\"article:publisher\" content=\"https:\/\/www.facebook.com\/hallfapparel\" \/>\n<meta property=\"article:modified_time\" content=\"2023-10-20T19:55:40+00:00\" \/>\n<meta property=\"og:image\" content=\"https:\/\/hallfapparel.com\/wp-content\/uploads\/2022\/10\/1-2-scaled.jpg\" \/>\n\t<meta property=\"og:image:width\" content=\"1707\" \/>\n\t<meta property=\"og:image:height\" content=\"2560\" \/>\n\t<meta property=\"og:image:type\" content=\"image\/jpeg\" \/>\n<meta name=\"twitter:card\" content=\"summary_large_image\" \/>\n<meta name=\"twitter:label1\" content=\"Est. reading time\" \/>\n\t<meta name=\"twitter:data1\" content=\"1 minute\" \/>\n<script type=\"application\/ld+json\" class=\"yoast-schema-graph\">{\"@context\":\"https:\/\/schema.org\",\"@graph\":[{\"@type\":\"WebPage\",\"@id\":\"https:\/\/hallfapparel.com\/p\/koszula-czarna-lewa-street\/\",\"url\":\"https:\/\/hallfapparel.com\/p\/koszula-czarna-lewa-street\/\",\"name\":\"[:pl]koszula czarna oversize - lewa[:en]oversize shirt black- left[:] - Hallf Apparel\",\"isPartOf\":{\"@id\":\"https:\/\/hallfapparel.com\/#website\"},\"primaryImageOfPage\":{\"@id\":\"https:\/\/hallfapparel.com\/p\/koszula-czarna-lewa-street\/#primaryimage\"},\"image\":{\"@id\":\"https:\/\/hallfapparel.com\/p\/koszula-czarna-lewa-street\/#primaryimage\"},\"thumbnailUrl\":\"https:\/\/hallfapparel.com\/wp-content\/uploads\/2022\/10\/1-2-scaled.jpg\",\"datePublished\":\"2022-10-07T08:37:52+00:00\",\"dateModified\":\"2023-10-20T19:55:40+00:00\",\"breadcrumb\":{\"@id\":\"https:\/\/hallfapparel.com\/p\/koszula-czarna-lewa-street\/#breadcrumb\"},\"inLanguage\":\"en-US\",\"potentialAction\":[{\"@type\":\"ReadAction\",\"target\":[\"https:\/\/hallfapparel.com\/p\/koszula-czarna-lewa-street\/\"]}]},{\"@type\":\"ImageObject\",\"inLanguage\":\"en-US\",\"@id\":\"https:\/\/hallfapparel.com\/p\/koszula-czarna-lewa-street\/#primaryimage\",\"url\":\"https:\/\/hallfapparel.com\/wp-content\/uploads\/2022\/10\/1-2-scaled.jpg\",\"contentUrl\":\"https:\/\/hallfapparel.com\/wp-content\/uploads\/2022\/10\/1-2-scaled.jpg\",\"width\":1707,\"height\":2560},{\"@type\":\"BreadcrumbList\",\"@id\":\"https:\/\/hallfapparel.com\/p\/koszula-czarna-lewa-street\/#breadcrumb\",\"itemListElement\":[{\"@type\":\"ListItem\",\"position\":1,\"name\":\"Strona g\u0142\u00f3wna\",\"item\":\"https:\/\/hallfapparel.com\/\"},{\"@type\":\"ListItem\",\"position\":2,\"name\":\"koszula czarna oversize &#8211; lewa\"}]},{\"@type\":\"WebSite\",\"@id\":\"https:\/\/hallfapparel.com\/#website\",\"url\":\"https:\/\/hallfapparel.com\/\",\"name\":\"Hallf Apparel\",\"description\":\"Own the difference\",\"publisher\":{\"@id\":\"https:\/\/hallfapparel.com\/#organization\"},\"potentialAction\":[{\"@type\":\"SearchAction\",\"target\":{\"@type\":\"EntryPoint\",\"urlTemplate\":\"https:\/\/hallfapparel.com\/?s={search_term_string}\"},\"query-input\":{\"@type\":\"PropertyValueSpecification\",\"valueRequired\":true,\"valueName\":\"search_term_string\"}}],\"inLanguage\":\"en-US\"},{\"@type\":\"Organization\",\"@id\":\"https:\/\/hallfapparel.com\/#organization\",\"name\":\"Hallf Apparel\",\"url\":\"https:\/\/hallfapparel.com\/\",\"logo\":{\"@type\":\"ImageObject\",\"inLanguage\":\"en-US\",\"@id\":\"https:\/\/hallfapparel.com\/#\/schema\/logo\/image\/\",\"url\":\"https:\/\/hallfapparel.com\/wp-content\/uploads\/2022\/02\/logopp.png\",\"contentUrl\":\"https:\/\/hallfapparel.com\/wp-content\/uploads\/2022\/02\/logopp.png\",\"width\":836,\"height\":524,\"caption\":\"Hallf Apparel\"},\"image\":{\"@id\":\"https:\/\/hallfapparel.com\/#\/schema\/logo\/image\/\"},\"sameAs\":[\"https:\/\/www.facebook.com\/hallfapparel\",\"https:\/\/www.instagram.com\/hallf_apparel\/\"]}]}<\/script>\n<!-- \/ Yoast SEO plugin. -->","yoast_head_json":{"title":"[:pl]koszula czarna oversize - lewa[:en]oversize shirt black- left[:] - Hallf Apparel","robots":{"index":"index","follow":"follow","max-snippet":"max-snippet:-1","max-image-preview":"max-image-preview:large","max-video-preview":"max-video-preview:-1"},"canonical":"https:\/\/hallfapparel.com\/p\/koszula-czarna-lewa-street\/","og_locale":"en_US","og_type":"article","og_title":"[:pl]koszula czarna oversize - lewa[:en]oversize shirt black- left[:] - Hallf Apparel","og_description":"[:pl]Autorski wz\u00f3r, po\u0142\u00f3wka koszuli do dopasowania z drug\u0105 cz\u0119\u015bci\u0105. Koszula z czystej bawe\u0142ny w kroju oversize. Na bluz\u0119, zamiast bluzy albo zamiast koca, Tw\u00f3j wyb\u00f3r.[:en]original pattern, half of the shirt to be matched with another half. pure cotton oversized shirt. To wear on a hoodie, instead of it or as a blanket, your choice.[:]","og_url":"https:\/\/hallfapparel.com\/p\/koszula-czarna-lewa-street\/","og_site_name":"Hallf Apparel","article_publisher":"https:\/\/www.facebook.com\/hallfapparel","article_modified_time":"2023-10-20T19:55:40+00:00","og_image":[{"width":1707,"height":2560,"url":"https:\/\/hallfapparel.com\/wp-content\/uploads\/2022\/10\/1-2-scaled.jpg","type":"image\/jpeg"}],"twitter_card":"summary_large_image","twitter_misc":{"Est. reading time":"1 minute"},"schema":{"@context":"https:\/\/schema.org","@graph":[{"@type":"WebPage","@id":"https:\/\/hallfapparel.com\/p\/koszula-czarna-lewa-street\/","url":"https:\/\/hallfapparel.com\/p\/koszula-czarna-lewa-street\/","name":"[:pl]koszula czarna oversize - lewa[:en]oversize shirt black- left[:] - Hallf Apparel","isPartOf":{"@id":"https:\/\/hallfapparel.com\/#website"},"primaryImageOfPage":{"@id":"https:\/\/hallfapparel.com\/p\/koszula-czarna-lewa-street\/#primaryimage"},"image":{"@id":"https:\/\/hallfapparel.com\/p\/koszula-czarna-lewa-street\/#primaryimage"},"thumbnailUrl":"https:\/\/hallfapparel.com\/wp-content\/uploads\/2022\/10\/1-2-scaled.jpg","datePublished":"2022-10-07T08:37:52+00:00","dateModified":"2023-10-20T19:55:40+00:00","breadcrumb":{"@id":"https:\/\/hallfapparel.com\/p\/koszula-czarna-lewa-street\/#breadcrumb"},"inLanguage":"en-US","potentialAction":[{"@type":"ReadAction","target":["https:\/\/hallfapparel.com\/p\/koszula-czarna-lewa-street\/"]}]},{"@type":"ImageObject","inLanguage":"en-US","@id":"https:\/\/hallfapparel.com\/p\/koszula-czarna-lewa-street\/#primaryimage","url":"https:\/\/hallfapparel.com\/wp-content\/uploads\/2022\/10\/1-2-scaled.jpg","contentUrl":"https:\/\/hallfapparel.com\/wp-content\/uploads\/2022\/10\/1-2-scaled.jpg","width":1707,"height":2560},{"@type":"BreadcrumbList","@id":"https:\/\/hallfapparel.com\/p\/koszula-czarna-lewa-street\/#breadcrumb","itemListElement":[{"@type":"ListItem","position":1,"name":"Strona g\u0142\u00f3wna","item":"https:\/\/hallfapparel.com\/"},{"@type":"ListItem","position":2,"name":"koszula czarna oversize &#8211; lewa"}]},{"@type":"WebSite","@id":"https:\/\/hallfapparel.com\/#website","url":"https:\/\/hallfapparel.com\/","name":"Hallf Apparel","description":"Own the difference","publisher":{"@id":"https:\/\/hallfapparel.com\/#organization"},"potentialAction":[{"@type":"SearchAction","target":{"@type":"EntryPoint","urlTemplate":"https:\/\/hallfapparel.com\/?s={search_term_string}"},"query-input":{"@type":"PropertyValueSpecification","valueRequired":true,"valueName":"search_term_string"}}],"inLanguage":"en-US"},{"@type":"Organization","@id":"https:\/\/hallfapparel.com\/#organization","name":"Hallf Apparel","url":"https:\/\/hallfapparel.com\/","logo":{"@type":"ImageObject","inLanguage":"en-US","@id":"https:\/\/hallfapparel.com\/#\/schema\/logo\/image\/","url":"https:\/\/hallfapparel.com\/wp-content\/uploads\/2022\/02\/logopp.png","contentUrl":"https:\/\/hallfapparel.com\/wp-content\/uploads\/2022\/02\/logopp.png","width":836,"height":524,"caption":"Hallf Apparel"},"image":{"@id":"https:\/\/hallfapparel.com\/#\/schema\/logo\/image\/"},"sameAs":["https:\/\/www.facebook.com\/hallfapparel","https:\/\/www.instagram.com\/hallf_apparel\/"]}]}},"_links":{"self":[{"href":"https:\/\/hallfapparel.com\/en\/wp-json\/wp\/v2\/product\/749","targetHints":{"allow":["GET"]}}],"collection":[{"href":"https:\/\/hallfapparel.com\/en\/wp-json\/wp\/v2\/product"}],"about":[{"href":"https:\/\/hallfapparel.com\/en\/wp-json\/wp\/v2\/types\/product"}],"wp:featuredmedia":[{"embeddable":true,"href":"https:\/\/hallfapparel.com\/en\/wp-json\/wp\/v2\/media\/753"}],"wp:attachment":[{"href":"https:\/\/hallfapparel.com\/en\/wp-json\/wp\/v2\/media?parent=749"}],"wp:term":[{"taxonomy":"product_brand","embeddable":true,"href":"https:\/\/hallfapparel.com\/en\/wp-json\/wp\/v2\/product_brand?post=749"},{"taxonomy":"product_cat","embeddable":true,"href":"https:\/\/hallfapparel.com\/en\/wp-json\/wp\/v2\/product_cat?post=749"},{"taxonomy":"product_tag","embeddable":true,"href":"https:\/\/hallfapparel.com\/en\/wp-json\/wp\/v2\/product_tag?post=749"}],"curies":[{"name":"wp","href":"https:\/\/api.w.org\/{rel}","templated":true}]}}